{"id":1288,"date":"2021-11-26T15:06:37","date_gmt":"2021-11-26T14:06:37","guid":{"rendered":"https:\/\/hdfd.hr\/?page_id=1288"},"modified":"2025-12-30T10:49:39","modified_gmt":"2025-12-30T09:49:39","slug":"upravni-odbor-hdfd","status":"publish","type":"page","link":"https:\/\/hdfd.hr\/en\/upravni-odbor-hdfd\/","title":{"rendered":"Executive Board"},"content":{"rendered":"","protected":false},"excerpt":{"rendered":"","protected":false},"author":1,"featured_media":0,"parent":0,"menu_order":0,"comment_status":"closed","ping_status":"closed","template":"","meta":{"footnotes":""},"class_list":["post-1288","page","type-page","status-publish","hentry"],"yoast_head":"<!-- This site is optimized with the Yoast SEO plugin v27.3 - https:\/\/yoast.com\/product\/yoast-seo-wordpress\/ -->\n<title>Upravni odbor HDFD - Hrvatsko dru\u0161tvo filmskih djelatnika (HDFD)<\/title>\n<meta name=\"description\" content=\"Hrvatsko dru\u0161tvo filmskih djelatnika kao najstarija hrvatska filmska profesionalna udruga ve\u0107 75 godina skrbi o dignitetu hrvatskih filmskih profesionalaca.\" \/>\n<meta name=\"robots\" content=\"index, follow, max-snippet:-1, max-image-preview:large, max-video-preview:-1\" \/>\n<link rel=\"canonical\" href=\"https:\/\/hdfd.hr\/en\/upravni-odbor-hdfd\/\" \/>\n<meta property=\"og:locale\" content=\"en_GB\" \/>\n<meta property=\"og:type\" content=\"article\" \/>\n<meta property=\"og:title\" content=\"Upravni odbor HDFD - Hrvatsko dru\u0161tvo filmskih djelatnika (HDFD)\" \/>\n<meta property=\"og:description\" content=\"Hrvatsko dru\u0161tvo filmskih djelatnika kao najstarija hrvatska filmska profesionalna udruga ve\u0107 75 godina skrbi o dignitetu hrvatskih filmskih profesionalaca.\" \/>\n<meta property=\"og:url\" content=\"https:\/\/hdfd.hr\/en\/upravni-odbor-hdfd\/\" \/>\n<meta property=\"og:site_name\" content=\"Hrvatsko dru\u0161tvo filmskih djelatnika\" \/>\n<meta property=\"article:modified_time\" content=\"2025-12-30T09:49:39+00:00\" \/>\n<meta property=\"og:image\" content=\"https:\/\/hdfd.hr\/wp-content\/uploads\/2019\/04\/hdfd_share-bg.jpg\" \/>\n\t<meta property=\"og:image:width\" content=\"1200\" \/>\n\t<meta property=\"og:image:height\" content=\"630\" \/>\n\t<meta property=\"og:image:type\" content=\"image\/jpeg\" \/>\n<meta name=\"twitter:card\" content=\"summary_large_image\" \/>\n<script type=\"application\/ld+json\" class=\"yoast-schema-graph\">{\"@context\":\"https:\\\/\\\/schema.org\",\"@graph\":[{\"@type\":\"WebPage\",\"@id\":\"https:\\\/\\\/hdfd.hr\\\/upravni-odbor-hdfd\\\/\",\"url\":\"https:\\\/\\\/hdfd.hr\\\/upravni-odbor-hdfd\\\/\",\"name\":\"Upravni odbor HDFD - Hrvatsko dru\u0161tvo filmskih djelatnika (HDFD)\",\"isPartOf\":{\"@id\":\"https:\\\/\\\/hdfd.hr\\\/#website\"},\"datePublished\":\"2021-11-26T14:06:37+00:00\",\"dateModified\":\"2025-12-30T09:49:39+00:00\",\"description\":\"Hrvatsko dru\u0161tvo filmskih djelatnika kao najstarija hrvatska filmska profesionalna udruga ve\u0107 75 godina skrbi o dignitetu hrvatskih filmskih profesionalaca.\",\"breadcrumb\":{\"@id\":\"https:\\\/\\\/hdfd.hr\\\/upravni-odbor-hdfd\\\/#breadcrumb\"},\"inLanguage\":\"en-GB\",\"potentialAction\":[{\"@type\":\"ReadAction\",\"target\":[\"https:\\\/\\\/hdfd.hr\\\/upravni-odbor-hdfd\\\/\"]}]},{\"@type\":\"BreadcrumbList\",\"@id\":\"https:\\\/\\\/hdfd.hr\\\/upravni-odbor-hdfd\\\/#breadcrumb\",\"itemListElement\":[{\"@type\":\"ListItem\",\"position\":1,\"name\":\"Po\u010detna stranica\",\"item\":\"https:\\\/\\\/hdfd.hr\\\/\"},{\"@type\":\"ListItem\",\"position\":2,\"name\":\"Upravni odbor HDFD\"}]},{\"@type\":\"WebSite\",\"@id\":\"https:\\\/\\\/hdfd.hr\\\/#website\",\"url\":\"https:\\\/\\\/hdfd.hr\\\/\",\"name\":\"Hrvatsko dru\u0161tvo filmskih djelatnika\",\"description\":\"Najstarija i najbrojnija hrvatska filmska profesionalna udruga\",\"publisher\":{\"@id\":\"https:\\\/\\\/hdfd.hr\\\/#organization\"},\"potentialAction\":[{\"@type\":\"SearchAction\",\"target\":{\"@type\":\"EntryPoint\",\"urlTemplate\":\"https:\\\/\\\/hdfd.hr\\\/?s={search_term_string}\"},\"query-input\":{\"@type\":\"PropertyValueSpecification\",\"valueRequired\":true,\"valueName\":\"search_term_string\"}}],\"inLanguage\":\"en-GB\"},{\"@type\":\"Organization\",\"@id\":\"https:\\\/\\\/hdfd.hr\\\/#organization\",\"name\":\"Hrvatsko dru\u0161tvo filmskih djelatnika\",\"url\":\"https:\\\/\\\/hdfd.hr\\\/\",\"logo\":{\"@type\":\"ImageObject\",\"inLanguage\":\"en-GB\",\"@id\":\"https:\\\/\\\/hdfd.hr\\\/#\\\/schema\\\/logo\\\/image\\\/\",\"url\":\"https:\\\/\\\/hdfd.hr\\\/wp-content\\\/uploads\\\/2021\\\/06\\\/HDFD-logo-vektorski.png\",\"contentUrl\":\"https:\\\/\\\/hdfd.hr\\\/wp-content\\\/uploads\\\/2021\\\/06\\\/HDFD-logo-vektorski.png\",\"width\":500,\"height\":640,\"caption\":\"Hrvatsko dru\u0161tvo filmskih djelatnika\"},\"image\":{\"@id\":\"https:\\\/\\\/hdfd.hr\\\/#\\\/schema\\\/logo\\\/image\\\/\"}}]}<\/script>\n<!-- \/ Yoast SEO plugin. -->","yoast_head_json":{"title":"Upravni odbor HDFD - Hrvatsko dru\u0161tvo filmskih djelatnika (HDFD)","description":"Hrvatsko dru\u0161tvo filmskih djelatnika kao najstarija hrvatska filmska profesionalna udruga ve\u0107 75 godina skrbi o dignitetu hrvatskih filmskih profesionalaca.","robots":{"index":"index","follow":"follow","max-snippet":"max-snippet:-1","max-image-preview":"max-image-preview:large","max-video-preview":"max-video-preview:-1"},"canonical":"https:\/\/hdfd.hr\/en\/upravni-odbor-hdfd\/","og_locale":"en_GB","og_type":"article","og_title":"Upravni odbor HDFD - Hrvatsko dru\u0161tvo filmskih djelatnika (HDFD)","og_description":"Hrvatsko dru\u0161tvo filmskih djelatnika kao najstarija hrvatska filmska profesionalna udruga ve\u0107 75 godina skrbi o dignitetu hrvatskih filmskih profesionalaca.","og_url":"https:\/\/hdfd.hr\/en\/upravni-odbor-hdfd\/","og_site_name":"Hrvatsko dru\u0161tvo filmskih djelatnika","article_modified_time":"2025-12-30T09:49:39+00:00","og_image":[{"width":1200,"height":630,"url":"https:\/\/hdfd.hr\/wp-content\/uploads\/2019\/04\/hdfd_share-bg.jpg","type":"image\/jpeg"}],"twitter_card":"summary_large_image","schema":{"@context":"https:\/\/schema.org","@graph":[{"@type":"WebPage","@id":"https:\/\/hdfd.hr\/upravni-odbor-hdfd\/","url":"https:\/\/hdfd.hr\/upravni-odbor-hdfd\/","name":"Upravni odbor HDFD - Hrvatsko dru\u0161tvo filmskih djelatnika (HDFD)","isPartOf":{"@id":"https:\/\/hdfd.hr\/#website"},"datePublished":"2021-11-26T14:06:37+00:00","dateModified":"2025-12-30T09:49:39+00:00","description":"Hrvatsko dru\u0161tvo filmskih djelatnika kao najstarija hrvatska filmska profesionalna udruga ve\u0107 75 godina skrbi o dignitetu hrvatskih filmskih profesionalaca.","breadcrumb":{"@id":"https:\/\/hdfd.hr\/upravni-odbor-hdfd\/#breadcrumb"},"inLanguage":"en-GB","potentialAction":[{"@type":"ReadAction","target":["https:\/\/hdfd.hr\/upravni-odbor-hdfd\/"]}]},{"@type":"BreadcrumbList","@id":"https:\/\/hdfd.hr\/upravni-odbor-hdfd\/#breadcrumb","itemListElement":[{"@type":"ListItem","position":1,"name":"Po\u010detna stranica","item":"https:\/\/hdfd.hr\/"},{"@type":"ListItem","position":2,"name":"Upravni odbor HDFD"}]},{"@type":"WebSite","@id":"https:\/\/hdfd.hr\/#website","url":"https:\/\/hdfd.hr\/","name":"Filmmakers Association of Croatia","description":"Najstarija i najbrojnija hrvatska filmska profesionalna udruga","publisher":{"@id":"https:\/\/hdfd.hr\/#organization"},"potentialAction":[{"@type":"SearchAction","target":{"@type":"EntryPoint","urlTemplate":"https:\/\/hdfd.hr\/?s={search_term_string}"},"query-input":{"@type":"PropertyValueSpecification","valueRequired":true,"valueName":"search_term_string"}}],"inLanguage":"en-GB"},{"@type":"Organization","@id":"https:\/\/hdfd.hr\/#organization","name":"Filmmakers Association of Croatia","url":"https:\/\/hdfd.hr\/","logo":{"@type":"ImageObject","inLanguage":"en-GB","@id":"https:\/\/hdfd.hr\/#\/schema\/logo\/image\/","url":"https:\/\/hdfd.hr\/wp-content\/uploads\/2021\/06\/HDFD-logo-vektorski.png","contentUrl":"https:\/\/hdfd.hr\/wp-content\/uploads\/2021\/06\/HDFD-logo-vektorski.png","width":500,"height":640,"caption":"Hrvatsko dru\u0161tvo filmskih djelatnika"},"image":{"@id":"https:\/\/hdfd.hr\/#\/schema\/logo\/image\/"}}]}},"_links":{"self":[{"href":"https:\/\/hdfd.hr\/en\/wp-json\/wp\/v2\/pages\/1288","targetHints":{"allow":["GET"]}}],"collection":[{"href":"https:\/\/hdfd.hr\/en\/wp-json\/wp\/v2\/pages"}],"about":[{"href":"https:\/\/hdfd.hr\/en\/wp-json\/wp\/v2\/types\/page"}],"author":[{"embeddable":true,"href":"https:\/\/hdfd.hr\/en\/wp-json\/wp\/v2\/users\/1"}],"replies":[{"embeddable":true,"href":"https:\/\/hdfd.hr\/en\/wp-json\/wp\/v2\/comments?post=1288"}],"version-history":[{"count":0,"href":"https:\/\/hdfd.hr\/en\/wp-json\/wp\/v2\/pages\/1288\/revisions"}],"wp:attachment":[{"href":"https:\/\/hdfd.hr\/en\/wp-json\/wp\/v2\/media?parent=1288"}],"curies":[{"name":"wp","href":"https:\/\/api.w.org\/{rel}","templated":true}]}}