{"id":137,"date":"2018-10-23T09:04:03","date_gmt":"2018-10-23T07:04:03","guid":{"rendered":"http:\/\/hdfd.hr\/?page_id=137"},"modified":"2019-04-24T09:01:35","modified_gmt":"2019-04-24T07:01:35","slug":"korisnicki-profil","status":"publish","type":"page","link":"https:\/\/hdfd.hr\/en\/korisnicki-profil\/","title":{"rendered":"User Profile"},"content":{"rendered":"<div class=\"um um-profile um-120 um-role-\">\n\n\t<div class=\"um-form\" data-mode=\"profile\">\n\n\t\t\n\t<div class=\"um-header no-cover\">\n\n\t\t\n\t\t<div class=\"um-profile-photo\" data-user_id=\"0\"  aria-invalid=\"&quot;false&quot;\" >\n\n\t\t\t<a href=\"\" class=\"um-profile-photo-img\" title=\"\">\n\t\t\t\t<span class=\"um-profile-photo-overlay\">\n\t\t\t<span class=\"um-profile-photo-overlay-s\">\n\t\t\t\t<ins>\n\t\t\t\t\t<i class=\"um-faicon-camera\"><\/i>\n\t\t\t\t<\/ins>\n\t\t\t<\/span>\n\t\t<\/span><img alt='' src='https:\/\/secure.gravatar.com\/avatar\/?s=150&#038;d=mm&#038;r=g' srcset='https:\/\/secure.gravatar.com\/avatar\/?s=300&#038;d=mm&#038;r=g 2x' class='avatar avatar-150 photo avatar-default' height='150' width='150' \/>\t\t\t<\/a>\n\n\t\t\t<div style=\"display: none !important;\"><div  id=\"um_field__profile_photo\" class=\"um-field um-field-image  um-field-profile_photo um-field-image um-field-type_image\" data-key=\"profile_photo\" data-mode=\"\" data-upload-label=\"Upload\"><input type=\"hidden\" name=\"profile_photo\" id=\"profile_photo\" value=\"\"  aria-invalid=\"false\" \/><div class=\"um-field-label\"><label for=\"profile_photo\">Change your profile photo<\/label><div class=\"um-clear\"><\/div><\/div><div class=\"um-field-area\" style=\"text-align: center;\"><div class=\"um-single-image-preview crop\" data-crop=\"square\" data-key=\"profile_photo\"><a href=\"javascript:void(0);\" class=\"cancel\"><i class=\"um-icon-close\"><\/i><\/a><img decoding=\"async\" src=\"\" alt=\"\" \/><div class=\"um-clear\"><\/div><\/div><a href=\"javascript:void(0);\" data-modal=\"um_upload_single\" data-modal-size=\"normal\" data-modal-copy=\"1\" class=\"um-button um-btn-auto-width\">Upload<\/a><\/div><div class=\"um-modal-hidden-content\"><div class=\"um-modal-header\"> Change your profile photo<\/div><div class=\"um-modal-body\"><div class=\"um-single-image-preview crop\"  data-crop=\"square\" data-ratio=\"1\" data-min_width=\"150\" data-min_height=\"150\" data-coord=\"\"><a href=\"javascript:void(0);\" class=\"cancel\"><i class=\"um-icon-close\"><\/i><\/a><img decoding=\"async\" src=\"\" alt=\"\" \/><div class=\"um-clear\"><\/div><\/div><div class=\"um-clear\"><\/div><div class=\"um-single-image-upload\" data-user_id=\"\" data-nonce=\"1ab22f35b1\" data-timestamp=\"1775298441\"  data-set_id=\"0\" data-set_mode=\"\" data-type=\"image\" data-key=\"profile_photo\" data-max_size=\"500000\" data-max_size_error=\"This image is too large!\" data-min_size_error=\"This image is too small!\" data-extension_error=\"Sorry this is not a valid image.\"  data-allowed_types=\"gif,jpg,jpeg,png\" data-upload_text=\"Upload your photo here&lt;small class=&quot;um-max-filesize&quot;&gt;( max: &lt;span&gt;488.3kb&lt;\/span&gt; )&lt;\/small&gt;\" data-max_files_error=\"You can only upload one image\" data-upload_help_text=\"\">Upload<\/div><div class=\"um-modal-footer\">\n\t\t\t\t\t\t\t\t\t<div class=\"um-modal-right\">\n\t\t\t\t\t\t\t\t\t\t<a href=\"javascript:void(0);\" class=\"um-modal-btn um-finish-upload image disabled\" data-key=\"profile_photo\" data-change=\"Change photo\" data-processing=\"Processing...\">Apply<\/a>\n\t\t\t\t\t\t\t\t\t\t<a href=\"javascript:void(0);\" class=\"um-modal-btn alt\" data-action=\"um_remove_modal\"> Cancel<\/a>\n\t\t\t\t\t\t\t\t\t<\/div>\n\t\t\t\t\t\t\t\t\t<div class=\"um-clear\"><\/div>\n\t\t\t\t\t\t\t\t<\/div><\/div><\/div><\/div><\/div>\n\t\t\t<div class=\"um-dropdown\" data-element=\"div.um-profile-photo\" data-position=\"bc\" data-trigger=\"click\">\n\t\t\t\t<div class=\"um-dropdown-b\">\n\t\t\t\t\t<div class=\"um-dropdown-arr\"><i class=\"\"><\/i><\/div>\n\t\t\t\t\t<ul>\n\t\t\t\t\t\t\t\t\t\t\t\t\t<li><a href=\"javascript:void(0);\" class=\"um-manual-trigger\" data-parent=\".um-profile-photo\" data-child=\".um-btn-auto-width\">Upload photo<\/a><\/li>\n\t\t\t\t\t\t\t\t\t\t\t\t\t<li><a href=\"javascript:void(0);\" class=\"um-dropdown-hide\">Cancel<\/a><\/li>\n\t\t\t\t\t\t\t\t\t\t\t<\/ul>\n\t\t\t\t<\/div>\n\t\t\t<\/div>\n\n\t\t\t\n\t\t<\/div>\n\n\t\t<div class=\"um-profile-meta\">\n\n\t\t\t\n\t\t\t<div class=\"um-main-meta\">\n\n\t\t\t\t\t\t\t\t\t<div class=\"um-name\">\n\n\t\t\t\t\t\t<a href=\"\"\n\t\t\t\t\t\t   title=\"\"><\/a>\n\n\t\t\t\t\t\t\n\t\t\t\t\t<\/div>\n\t\t\t\t\n\t\t\t\t<div class=\"um-clear\"><\/div>\n\n\t\t\t\t\n\t\t\t<\/div>\n\n\t\t\t\n\t\t\t<div class=\"um-profile-status\">\n\t\t\t\t<span>\n\t\t\t\t\tThis user account status is \t\t\t\t<\/span>\n\t\t\t<\/div>\n\n\t\t\t\t\t<\/div>\n\t\t<div class=\"um-clear\"><\/div>\n\n\t\t\n\t<\/div>\n\n\t\n\t\t<div class=\"um-profile-navbar\">\n\t\t\t\t\t\t<div class=\"um-clear\"><\/div>\n\t\t<\/div>\n\n\t\t\n\t\t\t\t<div class=\"um-profile-body main main-default\">\n\n\t\t\t\t\t<p class=\"um-profile-note\"><i class=\"um-faicon-frown-o\"><\/i><span>This user has not added any information to their profile yet.<\/span><\/p><div class=\"um-row _um_row_1\" style=\"margin: 0 0 30px 0;\"><div class=\"um-col-121\"><\/div><div class=\"um-col-122\"><\/div><div class=\"um-clear\"><\/div><div class=\"um-col-121\"><\/div><div class=\"um-col-122\"><\/div><div class=\"um-clear\"><\/div><div class=\"um-col-1\"><\/div><\/div>\t\t<input type=\"hidden\" name=\"form_id\" id=\"form_id_120\" value=\"120\" \/>\n\t\n\t<p class=\"um_request_name\">\n\t\t<label for=\"um_request_120\">Only fill in if you are not human<\/label>\n\t\t<input type=\"hidden\" name=\"um_request\" id=\"um_request_120\" class=\"input\" value=\"\" size=\"25\" autocomplete=\"off\" \/>\n\t<\/p>\n\n\t\n\t\t\t\t\t<div class=\"clear\"><\/div>\n\t\t\t\t<\/div>\n\n\t\t\t\t<\/div>\n<\/div>\n<style>\n\t\t\t.um-120.um {\n\t\t\tmax-width: 600px;\n\t\t}\n\t\t<\/style>\n<style>\n\t\t\t.um-120.um .um-profile-body {\n\t\t\tmax-width: 600px;\n\t\t}\n\t\t.um-120.um .um-profile-photo a.um-profile-photo-img {\n\t\twidth: 150px;\n\t\theight: 150px;\n\t}\n\t.um-120.um .um-profile-photo a.um-profile-photo-img {\n\t\ttop: -85px;\n\t}\n\t\t\t.um-120.um .um-profile-meta {\n\t\t\tpadding-left: 210px;\n\t\t}\n\t<\/style>","protected":false},"excerpt":{"rendered":"","protected":false},"author":1,"featured_media":0,"parent":0,"menu_order":0,"comment_status":"closed","ping_status":"closed","template":"","meta":{"footnotes":""},"class_list":["post-137","page","type-page","status-publish","hentry"],"yoast_head":"<!-- This site is optimized with the Yoast SEO plugin v27.3 - https:\/\/yoast.com\/product\/yoast-seo-wordpress\/ -->\n<title>HDFD Korisni\u010dki profil - Hrvatsko dru\u0161tvo filmskih djelatnika<\/title>\n<meta name=\"description\" content=\"HDFD Korisni\u010dki profil - Konstantno rastu\u0107e \u010dlanstvo - preko tisu\u0107u \u010dlanova iz razli\u010ditih profesija \u010dini ve\u0107insku pogonsku snagu hrvatske kinematografije.\" \/>\n<meta name=\"robots\" content=\"index, follow, max-snippet:-1, max-image-preview:large, max-video-preview:-1\" \/>\n<link rel=\"canonical\" href=\"https:\/\/hdfd.hr\/en\/korisnicki-profil\/\" \/>\n<meta property=\"og:locale\" content=\"en_GB\" \/>\n<meta property=\"og:type\" content=\"article\" \/>\n<meta property=\"og:title\" content=\"HDFD Korisni\u010dki profil - Hrvatsko dru\u0161tvo filmskih djelatnika\" \/>\n<meta property=\"og:description\" content=\"HDFD Korisni\u010dki profil - Konstantno rastu\u0107e \u010dlanstvo - preko tisu\u0107u \u010dlanova iz razli\u010ditih profesija \u010dini ve\u0107insku pogonsku snagu hrvatske kinematografije.\" \/>\n<meta property=\"og:url\" content=\"https:\/\/hdfd.hr\/en\/korisnicki-profil\/\" \/>\n<meta property=\"og:site_name\" content=\"Hrvatsko dru\u0161tvo filmskih djelatnika\" \/>\n<meta property=\"article:modified_time\" content=\"2019-04-24T07:01:35+00:00\" \/>\n<meta property=\"og:image\" content=\"https:\/\/hdfd.hr\/wp-content\/uploads\/2019\/04\/hdfd_share-bg.jpg\" \/>\n\t<meta property=\"og:image:width\" content=\"1200\" \/>\n\t<meta property=\"og:image:height\" content=\"630\" \/>\n\t<meta property=\"og:image:type\" content=\"image\/jpeg\" \/>\n<meta name=\"twitter:card\" content=\"summary_large_image\" \/>\n<script type=\"application\/ld+json\" class=\"yoast-schema-graph\">{\"@context\":\"https:\\\/\\\/schema.org\",\"@graph\":[{\"@type\":\"WebPage\",\"@id\":\"https:\\\/\\\/hdfd.hr\\\/korisnicki-profil\\\/\",\"url\":\"https:\\\/\\\/hdfd.hr\\\/korisnicki-profil\\\/\",\"name\":\"HDFD Korisni\u010dki profil - Hrvatsko dru\u0161tvo filmskih djelatnika\",\"isPartOf\":{\"@id\":\"https:\\\/\\\/hdfd.hr\\\/#website\"},\"datePublished\":\"2018-10-23T07:04:03+00:00\",\"dateModified\":\"2019-04-24T07:01:35+00:00\",\"description\":\"HDFD Korisni\u010dki profil - Konstantno rastu\u0107e \u010dlanstvo - preko tisu\u0107u \u010dlanova iz razli\u010ditih profesija \u010dini ve\u0107insku pogonsku snagu hrvatske kinematografije.\",\"breadcrumb\":{\"@id\":\"https:\\\/\\\/hdfd.hr\\\/korisnicki-profil\\\/#breadcrumb\"},\"inLanguage\":\"en-GB\",\"potentialAction\":[{\"@type\":\"ReadAction\",\"target\":[\"https:\\\/\\\/hdfd.hr\\\/korisnicki-profil\\\/\"]}]},{\"@type\":\"BreadcrumbList\",\"@id\":\"https:\\\/\\\/hdfd.hr\\\/korisnicki-profil\\\/#breadcrumb\",\"itemListElement\":[{\"@type\":\"ListItem\",\"position\":1,\"name\":\"Po\u010detna stranica\",\"item\":\"https:\\\/\\\/hdfd.hr\\\/\"},{\"@type\":\"ListItem\",\"position\":2,\"name\":\"Korisni\u010dki profil\"}]},{\"@type\":\"WebSite\",\"@id\":\"https:\\\/\\\/hdfd.hr\\\/#website\",\"url\":\"https:\\\/\\\/hdfd.hr\\\/\",\"name\":\"Hrvatsko dru\u0161tvo filmskih djelatnika\",\"description\":\"Najstarija i najbrojnija hrvatska filmska profesionalna udruga\",\"publisher\":{\"@id\":\"https:\\\/\\\/hdfd.hr\\\/#organization\"},\"potentialAction\":[{\"@type\":\"SearchAction\",\"target\":{\"@type\":\"EntryPoint\",\"urlTemplate\":\"https:\\\/\\\/hdfd.hr\\\/?s={search_term_string}\"},\"query-input\":{\"@type\":\"PropertyValueSpecification\",\"valueRequired\":true,\"valueName\":\"search_term_string\"}}],\"inLanguage\":\"en-GB\"},{\"@type\":\"Organization\",\"@id\":\"https:\\\/\\\/hdfd.hr\\\/#organization\",\"name\":\"Hrvatsko dru\u0161tvo filmskih djelatnika\",\"url\":\"https:\\\/\\\/hdfd.hr\\\/\",\"logo\":{\"@type\":\"ImageObject\",\"inLanguage\":\"en-GB\",\"@id\":\"https:\\\/\\\/hdfd.hr\\\/#\\\/schema\\\/logo\\\/image\\\/\",\"url\":\"https:\\\/\\\/hdfd.hr\\\/wp-content\\\/uploads\\\/2021\\\/06\\\/HDFD-logo-vektorski.png\",\"contentUrl\":\"https:\\\/\\\/hdfd.hr\\\/wp-content\\\/uploads\\\/2021\\\/06\\\/HDFD-logo-vektorski.png\",\"width\":500,\"height\":640,\"caption\":\"Hrvatsko dru\u0161tvo filmskih djelatnika\"},\"image\":{\"@id\":\"https:\\\/\\\/hdfd.hr\\\/#\\\/schema\\\/logo\\\/image\\\/\"}}]}<\/script>\n<!-- \/ Yoast SEO plugin. -->","yoast_head_json":{"title":"HDFD Korisni\u010dki profil - Hrvatsko dru\u0161tvo filmskih djelatnika","description":"HDFD Korisni\u010dki profil - Konstantno rastu\u0107e \u010dlanstvo - preko tisu\u0107u \u010dlanova iz razli\u010ditih profesija \u010dini ve\u0107insku pogonsku snagu hrvatske kinematografije.","robots":{"index":"index","follow":"follow","max-snippet":"max-snippet:-1","max-image-preview":"max-image-preview:large","max-video-preview":"max-video-preview:-1"},"canonical":"https:\/\/hdfd.hr\/en\/korisnicki-profil\/","og_locale":"en_GB","og_type":"article","og_title":"HDFD Korisni\u010dki profil - Hrvatsko dru\u0161tvo filmskih djelatnika","og_description":"HDFD Korisni\u010dki profil - Konstantno rastu\u0107e \u010dlanstvo - preko tisu\u0107u \u010dlanova iz razli\u010ditih profesija \u010dini ve\u0107insku pogonsku snagu hrvatske kinematografije.","og_url":"https:\/\/hdfd.hr\/en\/korisnicki-profil\/","og_site_name":"Hrvatsko dru\u0161tvo filmskih djelatnika","article_modified_time":"2019-04-24T07:01:35+00:00","og_image":[{"width":1200,"height":630,"url":"https:\/\/hdfd.hr\/wp-content\/uploads\/2019\/04\/hdfd_share-bg.jpg","type":"image\/jpeg"}],"twitter_card":"summary_large_image","schema":{"@context":"https:\/\/schema.org","@graph":[{"@type":"WebPage","@id":"https:\/\/hdfd.hr\/korisnicki-profil\/","url":"https:\/\/hdfd.hr\/korisnicki-profil\/","name":"HDFD Korisni\u010dki profil - Hrvatsko dru\u0161tvo filmskih djelatnika","isPartOf":{"@id":"https:\/\/hdfd.hr\/#website"},"datePublished":"2018-10-23T07:04:03+00:00","dateModified":"2019-04-24T07:01:35+00:00","description":"HDFD Korisni\u010dki profil - Konstantno rastu\u0107e \u010dlanstvo - preko tisu\u0107u \u010dlanova iz razli\u010ditih profesija \u010dini ve\u0107insku pogonsku snagu hrvatske kinematografije.","breadcrumb":{"@id":"https:\/\/hdfd.hr\/korisnicki-profil\/#breadcrumb"},"inLanguage":"en-GB","potentialAction":[{"@type":"ReadAction","target":["https:\/\/hdfd.hr\/korisnicki-profil\/"]}]},{"@type":"BreadcrumbList","@id":"https:\/\/hdfd.hr\/korisnicki-profil\/#breadcrumb","itemListElement":[{"@type":"ListItem","position":1,"name":"Po\u010detna stranica","item":"https:\/\/hdfd.hr\/"},{"@type":"ListItem","position":2,"name":"Korisni\u010dki profil"}]},{"@type":"WebSite","@id":"https:\/\/hdfd.hr\/#website","url":"https:\/\/hdfd.hr\/","name":"Filmmakers Association of Croatia","description":"Najstarija i najbrojnija hrvatska filmska profesionalna udruga","publisher":{"@id":"https:\/\/hdfd.hr\/#organization"},"potentialAction":[{"@type":"SearchAction","target":{"@type":"EntryPoint","urlTemplate":"https:\/\/hdfd.hr\/?s={search_term_string}"},"query-input":{"@type":"PropertyValueSpecification","valueRequired":true,"valueName":"search_term_string"}}],"inLanguage":"en-GB"},{"@type":"Organization","@id":"https:\/\/hdfd.hr\/#organization","name":"Filmmakers Association of Croatia","url":"https:\/\/hdfd.hr\/","logo":{"@type":"ImageObject","inLanguage":"en-GB","@id":"https:\/\/hdfd.hr\/#\/schema\/logo\/image\/","url":"https:\/\/hdfd.hr\/wp-content\/uploads\/2021\/06\/HDFD-logo-vektorski.png","contentUrl":"https:\/\/hdfd.hr\/wp-content\/uploads\/2021\/06\/HDFD-logo-vektorski.png","width":500,"height":640,"caption":"Hrvatsko dru\u0161tvo filmskih djelatnika"},"image":{"@id":"https:\/\/hdfd.hr\/#\/schema\/logo\/image\/"}}]}},"_links":{"self":[{"href":"https:\/\/hdfd.hr\/en\/wp-json\/wp\/v2\/pages\/137","targetHints":{"allow":["GET"]}}],"collection":[{"href":"https:\/\/hdfd.hr\/en\/wp-json\/wp\/v2\/pages"}],"about":[{"href":"https:\/\/hdfd.hr\/en\/wp-json\/wp\/v2\/types\/page"}],"author":[{"embeddable":true,"href":"https:\/\/hdfd.hr\/en\/wp-json\/wp\/v2\/users\/1"}],"replies":[{"embeddable":true,"href":"https:\/\/hdfd.hr\/en\/wp-json\/wp\/v2\/comments?post=137"}],"version-history":[{"count":0,"href":"https:\/\/hdfd.hr\/en\/wp-json\/wp\/v2\/pages\/137\/revisions"}],"wp:attachment":[{"href":"https:\/\/hdfd.hr\/en\/wp-json\/wp\/v2\/media?parent=137"}],"curies":[{"name":"wp","href":"https:\/\/api.w.org\/{rel}","templated":true}]}}