{"id":3,"date":"2018-10-17T10:01:51","date_gmt":"2018-10-17T08:01:51","guid":{"rendered":"http:\/\/hdfd.hr\/?page_id=3"},"modified":"2019-04-24T08:55:03","modified_gmt":"2019-04-24T06:55:03","slug":"pravila-privatnosti","status":"publish","type":"page","link":"https:\/\/hdfd.hr\/en\/pravila-privatnosti\/","title":{"rendered":"Pravila privatnosti"},"content":{"rendered":"<p>Svi registrirani \u010dlanovi mogu ure\u0111ivati svoj profil na web stranici HDFD-a, sve u skladu s op\u0107im normama pristojnosti i paze\u0107i pritom na ugled HDFD-a. Profil je javno dostupan. Registracijom na web stranicu javno su dostupni minimalno sljede\u0107i podaci: ime i prezime, pripadnost ogranku i zanimanje. Ostale podatke (slika, \u017eivotopis, filmografija, druge osobne podatke, kontakte i sl.) koje \u010dlanovi HDFD-a po svojoj volji stavljaju na svoj osobni profil bit \u0107e javno dostpuni dok sami \u010dlanovi ne izbri\u0161u i\/ili ne promijene podatke na svom profilu. Osobni profil nije blog ili forum ili njima sli\u010dna platforma te nije namijenjen raspravama. Ako \u010dlanu HDFD-a prestane \u010dlanstvo, izvr\u0161it \u0107e se brisanje osobnog profila s web stranice u pravilu u najkra\u0107em mogu\u0107em roku, u skladu s rasplo\u017eivim vremenom Stru\u010dne slu\u017ebe. Ako \u010dlan\/ica HDFD-a odu\u010di da vi\u0161e ne \u017eeli imati profil na web stranici HDFD-a, potrebno je o tome obavijestiti Stru\u010dnu slu\u017ebu HDFD-a koja \u0107e, u skladu s raspolo\u017eivim vremenom, nastojati u \u0161to kra\u0107em roku provesti brisanje osobnog profila.<\/p>\n<p>Ova web stranica koristi kola\u010di\u0107e (eng. cookies) radi pru\u017eanja boljeg korisni\u010dkog iskustva i funkcionalnosti.<\/p>\n<p>Kola\u010di\u0107i su male tekstualne datoteke koje se \u0161alju na va\u0161 ure\u0111aj kada posjetite neku web stranicu. Kola\u010di\u0107i se zatim \u0161alju natrag izvornoj web stranici svaki idu\u0107i put kada posjetite stranicu ili nekoj drugoj web stranici koja prepoznaje taj kola\u010di\u0107. Kola\u010di\u0107i slu\u017ee kao memorija web stranice, koja toj web stranici dopu\u0161ta da se sjeti va\u0161eg ure\u0111aja kada ponovo posjetite stranicu. Kola\u010di\u0107i isto tako mogu zapamtiti va\u0161e postavke, pobolj\u0161ati korisni\u010dki do\u017eivljaj, kao i ure\u0111ivati reklame koje vidite kako bi se prikazivale samo one najbitnije za vas.<\/p>\n<p>Medij<\/p>\n<p>Ako prenesete sliku na web-stranicu, trebali bi izbjegavati prijenos slika koje imaju ugra\u0111ene podatke o lokaciji (EXIF GPS). Posjetitelji web-stranice mogu ih preuzeti i izdvojiti bilo koje podatke o lokaciji iz slika sa web-stranice.<\/p>\n<p>Ugra\u0111eni sadr\u017eaj s drugih web-stranica<\/p>\n<p>\u010clanci na ovoj web-stranici mogu sadr\u017eavati ugra\u0111eni sadr\u017eaj (npr. video, slike, \u010dlanke, itd.). Ugra\u0111eni sadr\u017eaj sa drugih web-stranica pona\u0161a se istovjetno kao da je posjetitelj posjetio tu drugu web-stranicu.<\/p>\n<p>Ove web-stranice mo\u017eda prikupljaju podatke o vama, koriste kola\u010di\u0107e, imaju ugra\u0111eno dodatno pra\u0107enje od tre\u0107ih strana, i nadgledaju va\u0161u interakciju s tim ugra\u0111enim sadr\u017eajem, uklju\u010duju\u0107i pra\u0107enje va\u0161e interakcije s ugra\u0111enim sadr\u017eajem ako imate ra\u010dun i prijavljeni ste na web-stranici.<\/p>\n\n\n<div style=\"height:50px\" aria-hidden=\"true\" class=\"wp-block-spacer\"><\/div>","protected":false},"excerpt":{"rendered":"<p>Svi registrirani \u010dlanovi mogu ure\u0111ivati svoj profil na web stranici HDFD-a, sve u skladu s op\u0107im normama pristojnosti i paze\u0107i pritom na ugled HDFD-a. Profil je<span class=\"excerpt-hellip\"> [\u2026]<\/span><\/p>\n","protected":false},"author":1,"featured_media":0,"parent":0,"menu_order":0,"comment_status":"closed","ping_status":"closed","template":"","meta":{"footnotes":""},"class_list":["post-3","page","type-page","status-publish","hentry"],"yoast_head":"<!-- This site is optimized with the Yoast SEO plugin v27.3 - https:\/\/yoast.com\/product\/yoast-seo-wordpress\/ -->\n<title>Pravila privatnosti HDFD - Hrvatsko dru\u0161tvo filmskih djelatnika<\/title>\n<meta name=\"description\" content=\"Pravila privatnosti HDFD - Svi registrirani \u010dlanovi mogu ure\u0111ivati svoj profil u skladu s op\u0107im normama pristojnosti i paze\u0107i pritom na ugled HDFD-a.\" \/>\n<meta name=\"robots\" content=\"index, follow, max-snippet:-1, max-image-preview:large, max-video-preview:-1\" \/>\n<link rel=\"canonical\" href=\"https:\/\/hdfd.hr\/en\/pravila-privatnosti\/\" \/>\n<meta property=\"og:locale\" content=\"en_GB\" \/>\n<meta property=\"og:type\" content=\"article\" \/>\n<meta property=\"og:title\" content=\"Pravila privatnosti HDFD - Hrvatsko dru\u0161tvo filmskih djelatnika\" \/>\n<meta property=\"og:description\" content=\"Pravila privatnosti HDFD - Svi registrirani \u010dlanovi mogu ure\u0111ivati svoj profil u skladu s op\u0107im normama pristojnosti i paze\u0107i pritom na ugled HDFD-a.\" \/>\n<meta property=\"og:url\" content=\"https:\/\/hdfd.hr\/en\/pravila-privatnosti\/\" \/>\n<meta property=\"og:site_name\" content=\"Hrvatsko dru\u0161tvo filmskih djelatnika\" \/>\n<meta property=\"article:modified_time\" content=\"2019-04-24T06:55:03+00:00\" \/>\n<meta property=\"og:image\" content=\"https:\/\/hdfd.hr\/wp-content\/uploads\/2019\/04\/hdfd_share-bg.jpg\" \/>\n\t<meta property=\"og:image:width\" content=\"1200\" \/>\n\t<meta property=\"og:image:height\" content=\"630\" \/>\n\t<meta property=\"og:image:type\" content=\"image\/jpeg\" \/>\n<meta name=\"twitter:card\" content=\"summary_large_image\" \/>\n<meta name=\"twitter:label1\" content=\"Estimated reading time\" \/>\n\t<meta name=\"twitter:data1\" content=\"2 minutes\" \/>\n<script type=\"application\/ld+json\" class=\"yoast-schema-graph\">{\"@context\":\"https:\\\/\\\/schema.org\",\"@graph\":[{\"@type\":\"WebPage\",\"@id\":\"https:\\\/\\\/hdfd.hr\\\/pravila-privatnosti\\\/\",\"url\":\"https:\\\/\\\/hdfd.hr\\\/pravila-privatnosti\\\/\",\"name\":\"Pravila privatnosti HDFD - Hrvatsko dru\u0161tvo filmskih djelatnika\",\"isPartOf\":{\"@id\":\"https:\\\/\\\/hdfd.hr\\\/#website\"},\"datePublished\":\"2018-10-17T08:01:51+00:00\",\"dateModified\":\"2019-04-24T06:55:03+00:00\",\"description\":\"Pravila privatnosti HDFD - Svi registrirani \u010dlanovi mogu ure\u0111ivati svoj profil u skladu s op\u0107im normama pristojnosti i paze\u0107i pritom na ugled HDFD-a.\",\"breadcrumb\":{\"@id\":\"https:\\\/\\\/hdfd.hr\\\/pravila-privatnosti\\\/#breadcrumb\"},\"inLanguage\":\"en-GB\",\"potentialAction\":[{\"@type\":\"ReadAction\",\"target\":[\"https:\\\/\\\/hdfd.hr\\\/pravila-privatnosti\\\/\"]}]},{\"@type\":\"BreadcrumbList\",\"@id\":\"https:\\\/\\\/hdfd.hr\\\/pravila-privatnosti\\\/#breadcrumb\",\"itemListElement\":[{\"@type\":\"ListItem\",\"position\":1,\"name\":\"Po\u010detna stranica\",\"item\":\"https:\\\/\\\/hdfd.hr\\\/\"},{\"@type\":\"ListItem\",\"position\":2,\"name\":\"Pravila privatnosti\"}]},{\"@type\":\"WebSite\",\"@id\":\"https:\\\/\\\/hdfd.hr\\\/#website\",\"url\":\"https:\\\/\\\/hdfd.hr\\\/\",\"name\":\"Hrvatsko dru\u0161tvo filmskih djelatnika\",\"description\":\"Najstarija i najbrojnija hrvatska filmska profesionalna udruga\",\"publisher\":{\"@id\":\"https:\\\/\\\/hdfd.hr\\\/#organization\"},\"potentialAction\":[{\"@type\":\"SearchAction\",\"target\":{\"@type\":\"EntryPoint\",\"urlTemplate\":\"https:\\\/\\\/hdfd.hr\\\/?s={search_term_string}\"},\"query-input\":{\"@type\":\"PropertyValueSpecification\",\"valueRequired\":true,\"valueName\":\"search_term_string\"}}],\"inLanguage\":\"en-GB\"},{\"@type\":\"Organization\",\"@id\":\"https:\\\/\\\/hdfd.hr\\\/#organization\",\"name\":\"Hrvatsko dru\u0161tvo filmskih djelatnika\",\"url\":\"https:\\\/\\\/hdfd.hr\\\/\",\"logo\":{\"@type\":\"ImageObject\",\"inLanguage\":\"en-GB\",\"@id\":\"https:\\\/\\\/hdfd.hr\\\/#\\\/schema\\\/logo\\\/image\\\/\",\"url\":\"https:\\\/\\\/hdfd.hr\\\/wp-content\\\/uploads\\\/2021\\\/06\\\/HDFD-logo-vektorski.png\",\"contentUrl\":\"https:\\\/\\\/hdfd.hr\\\/wp-content\\\/uploads\\\/2021\\\/06\\\/HDFD-logo-vektorski.png\",\"width\":500,\"height\":640,\"caption\":\"Hrvatsko dru\u0161tvo filmskih djelatnika\"},\"image\":{\"@id\":\"https:\\\/\\\/hdfd.hr\\\/#\\\/schema\\\/logo\\\/image\\\/\"}}]}<\/script>\n<!-- \/ Yoast SEO plugin. -->","yoast_head_json":{"title":"Pravila privatnosti HDFD - Hrvatsko dru\u0161tvo filmskih djelatnika","description":"Pravila privatnosti HDFD - Svi registrirani \u010dlanovi mogu ure\u0111ivati svoj profil u skladu s op\u0107im normama pristojnosti i paze\u0107i pritom na ugled HDFD-a.","robots":{"index":"index","follow":"follow","max-snippet":"max-snippet:-1","max-image-preview":"max-image-preview:large","max-video-preview":"max-video-preview:-1"},"canonical":"https:\/\/hdfd.hr\/en\/pravila-privatnosti\/","og_locale":"en_GB","og_type":"article","og_title":"Pravila privatnosti HDFD - Hrvatsko dru\u0161tvo filmskih djelatnika","og_description":"Pravila privatnosti HDFD - Svi registrirani \u010dlanovi mogu ure\u0111ivati svoj profil u skladu s op\u0107im normama pristojnosti i paze\u0107i pritom na ugled HDFD-a.","og_url":"https:\/\/hdfd.hr\/en\/pravila-privatnosti\/","og_site_name":"Hrvatsko dru\u0161tvo filmskih djelatnika","article_modified_time":"2019-04-24T06:55:03+00:00","og_image":[{"width":1200,"height":630,"url":"https:\/\/hdfd.hr\/wp-content\/uploads\/2019\/04\/hdfd_share-bg.jpg","type":"image\/jpeg"}],"twitter_card":"summary_large_image","twitter_misc":{"Estimated reading time":"2 minutes"},"schema":{"@context":"https:\/\/schema.org","@graph":[{"@type":"WebPage","@id":"https:\/\/hdfd.hr\/pravila-privatnosti\/","url":"https:\/\/hdfd.hr\/pravila-privatnosti\/","name":"Pravila privatnosti HDFD - Hrvatsko dru\u0161tvo filmskih djelatnika","isPartOf":{"@id":"https:\/\/hdfd.hr\/#website"},"datePublished":"2018-10-17T08:01:51+00:00","dateModified":"2019-04-24T06:55:03+00:00","description":"Pravila privatnosti HDFD - Svi registrirani \u010dlanovi mogu ure\u0111ivati svoj profil u skladu s op\u0107im normama pristojnosti i paze\u0107i pritom na ugled HDFD-a.","breadcrumb":{"@id":"https:\/\/hdfd.hr\/pravila-privatnosti\/#breadcrumb"},"inLanguage":"en-GB","potentialAction":[{"@type":"ReadAction","target":["https:\/\/hdfd.hr\/pravila-privatnosti\/"]}]},{"@type":"BreadcrumbList","@id":"https:\/\/hdfd.hr\/pravila-privatnosti\/#breadcrumb","itemListElement":[{"@type":"ListItem","position":1,"name":"Po\u010detna stranica","item":"https:\/\/hdfd.hr\/"},{"@type":"ListItem","position":2,"name":"Pravila privatnosti"}]},{"@type":"WebSite","@id":"https:\/\/hdfd.hr\/#website","url":"https:\/\/hdfd.hr\/","name":"Filmmakers Association of Croatia","description":"Najstarija i najbrojnija hrvatska filmska profesionalna udruga","publisher":{"@id":"https:\/\/hdfd.hr\/#organization"},"potentialAction":[{"@type":"SearchAction","target":{"@type":"EntryPoint","urlTemplate":"https:\/\/hdfd.hr\/?s={search_term_string}"},"query-input":{"@type":"PropertyValueSpecification","valueRequired":true,"valueName":"search_term_string"}}],"inLanguage":"en-GB"},{"@type":"Organization","@id":"https:\/\/hdfd.hr\/#organization","name":"Filmmakers Association of Croatia","url":"https:\/\/hdfd.hr\/","logo":{"@type":"ImageObject","inLanguage":"en-GB","@id":"https:\/\/hdfd.hr\/#\/schema\/logo\/image\/","url":"https:\/\/hdfd.hr\/wp-content\/uploads\/2021\/06\/HDFD-logo-vektorski.png","contentUrl":"https:\/\/hdfd.hr\/wp-content\/uploads\/2021\/06\/HDFD-logo-vektorski.png","width":500,"height":640,"caption":"Hrvatsko dru\u0161tvo filmskih djelatnika"},"image":{"@id":"https:\/\/hdfd.hr\/#\/schema\/logo\/image\/"}}]}},"_links":{"self":[{"href":"https:\/\/hdfd.hr\/en\/wp-json\/wp\/v2\/pages\/3","targetHints":{"allow":["GET"]}}],"collection":[{"href":"https:\/\/hdfd.hr\/en\/wp-json\/wp\/v2\/pages"}],"about":[{"href":"https:\/\/hdfd.hr\/en\/wp-json\/wp\/v2\/types\/page"}],"author":[{"embeddable":true,"href":"https:\/\/hdfd.hr\/en\/wp-json\/wp\/v2\/users\/1"}],"replies":[{"embeddable":true,"href":"https:\/\/hdfd.hr\/en\/wp-json\/wp\/v2\/comments?post=3"}],"version-history":[{"count":0,"href":"https:\/\/hdfd.hr\/en\/wp-json\/wp\/v2\/pages\/3\/revisions"}],"wp:attachment":[{"href":"https:\/\/hdfd.hr\/en\/wp-json\/wp\/v2\/media?parent=3"}],"curies":[{"name":"wp","href":"https:\/\/api.w.org\/{rel}","templated":true}]}}